{"id":1510,"date":"2023-06-02T17:51:26","date_gmt":"2023-06-02T15:51:26","guid":{"rendered":"https:\/\/life2023.ichb.pl\/?page_id=1510"},"modified":"2023-06-19T11:48:26","modified_gmt":"2023-06-19T09:48:26","slug":"thank-you","status":"publish","type":"page","link":"https:\/\/eosc-days.events.pionier.net.pl\/en\/home\/thank-you\/","title":{"rendered":"Thank You"},"content":{"rendered":"<div data-elementor-type=\"wp-page\" data-elementor-id=\"1510\" class=\"elementor elementor-1510\" data-elementor-post-type=\"page\">\n\t\t\t\t<div class=\"elementor-element elementor-element-fa6fba1 e-con-full e-flex e-con e-parent\" data-id=\"fa6fba1\" data-element_type=\"container\" data-e-type=\"container\" data-settings=\"{&quot;jet_parallax_layout_list&quot;:[]}\">\n\t\t\t\t<div class=\"elementor-element elementor-element-93a670a two-color elementor-widget elementor-widget-heading\" data-id=\"93a670a\" data-element_type=\"widget\" data-e-type=\"widget\" data-widget_type=\"heading.default\">\n\t\t\t\t<div class=\"elementor-widget-container\">\n\t\t\t\t\t<span class=\"elementor-heading-title elementor-size-default\">Thank You for registering for the EOSC Day Pozna\u0144!<\/span>\t\t\t\t<\/div>\n\t\t\t\t<\/div>\n\t\t\t\t<div class=\"elementor-element elementor-element-2b3cbed two-color elementor-widget elementor-widget-heading\" data-id=\"2b3cbed\" data-element_type=\"widget\" data-e-type=\"widget\" data-widget_type=\"heading.default\">\n\t\t\t\t<div class=\"elementor-widget-container\">\n\t\t\t\t\t<span class=\"elementor-heading-title elementor-size-default\"><b><b>Wkr\u00f3tce wy\u015blemy potwierdzenie e-mailem<\/b><\/b>. <br \/><br \/><br \/><br \/>Confirmation of participation onsite is subject to the available places. <br \/> <br \/>Please note that sessions for the Part IIA of the meeting are only for invited participants.<\/span>\t\t\t\t<\/div>\n\t\t\t\t<\/div>\n\t\t\t\t<\/div>\n\t\t<div class=\"elementor-element elementor-element-d17c136 e-con-full jedv-enabled--yes e-flex e-con e-parent\" data-id=\"d17c136\" data-element_type=\"container\" data-e-type=\"container\" data-settings=\"{&quot;jet_parallax_layout_list&quot;:[]}\">\n\t\t\t\t<\/div>\n\t\t\t\t<\/div>","protected":false},"excerpt":{"rendered":"<p>Dzi\u0119kujemy za rejestracj\u0119 na EOSC Day Pozna\u0144! \u200b Wkr\u00f3tce wy\u015blemy potwierdzenie e-mailem. Potwierdzenie uczestnictwa na miejscu jest uzale\u017cnione od dost\u0119pno\u015bci miejsc. Informujemy, \u017ce sesje w ramach cz\u0119\u015bci IIA spotkania s\u0105 przeznaczone wy\u0142\u0105cznie dla zaproszonych uczestnik\u00f3w.<\/p>","protected":false},"author":1,"featured_media":0,"parent":28,"menu_order":0,"comment_status":"closed","ping_status":"closed","template":"","meta":{"_jf_limit_responses":"","footnotes":""},"class_list":["post-1510","page","type-page","status-publish","hentry"],"_links":{"self":[{"href":"https:\/\/eosc-days.events.pionier.net.pl\/en\/wp-json\/wp\/v2\/pages\/1510","targetHints":{"allow":["GET"]}}],"collection":[{"href":"https:\/\/eosc-days.events.pionier.net.pl\/en\/wp-json\/wp\/v2\/pages"}],"about":[{"href":"https:\/\/eosc-days.events.pionier.net.pl\/en\/wp-json\/wp\/v2\/types\/page"}],"author":[{"embeddable":true,"href":"https:\/\/eosc-days.events.pionier.net.pl\/en\/wp-json\/wp\/v2\/users\/1"}],"replies":[{"embeddable":true,"href":"https:\/\/eosc-days.events.pionier.net.pl\/en\/wp-json\/wp\/v2\/comments?post=1510"}],"version-history":[{"count":0,"href":"https:\/\/eosc-days.events.pionier.net.pl\/en\/wp-json\/wp\/v2\/pages\/1510\/revisions"}],"up":[{"embeddable":true,"href":"https:\/\/eosc-days.events.pionier.net.pl\/en\/wp-json\/wp\/v2\/pages\/28"}],"wp:attachment":[{"href":"https:\/\/eosc-days.events.pionier.net.pl\/en\/wp-json\/wp\/v2\/media?parent=1510"}],"curies":[{"name":"wp","href":"https:\/\/api.w.org\/{rel}","templated":true}]}}