{"id":2262,"date":"2023-10-16T10:21:09","date_gmt":"2023-10-16T08:21:09","guid":{"rendered":"https:\/\/eosc-days.events.pionier.net.pl\/?page_id=2262"},"modified":"2023-10-16T10:22:08","modified_gmt":"2023-10-16T08:22:08","slug":"reg","status":"publish","type":"page","link":"https:\/\/eosc-days.events.pionier.net.pl\/en\/reg\/","title":{"rendered":"Reg"},"content":{"rendered":"<div data-elementor-type=\"wp-page\" data-elementor-id=\"2262\" class=\"elementor elementor-2262\" data-elementor-post-type=\"page\">\n\t\t\t\t<div class=\"elementor-element elementor-element-6801b71 e-flex e-con-boxed e-con e-parent\" data-id=\"6801b71\" data-element_type=\"container\" data-e-type=\"container\" data-settings=\"{&quot;jet_parallax_layout_list&quot;:[]}\">\n\t\t\t\t\t<div class=\"e-con-inner\">\n\t\t\t\t<div class=\"elementor-element elementor-element-315e100 elementor-widget elementor-widget-jet-form-builder-form\" data-id=\"315e100\" data-element_type=\"widget\" data-e-type=\"widget\" data-widget_type=\"jet-form-builder-form.default\">\n\t\t\t\t<div class=\"elementor-widget-container\">\n\t\t\t\t\t<link rel='stylesheet' id='wp-block-library-css' href='https:\/\/eosc-days.events.pionier.net.pl\/wp-includes\/css\/dist\/block-library\/style.min.css?ver=330a6b6381ff684648bfd7d8ea54f9a1' media='all' \/>\n<style id=\"jet-form-builder-1449-inline-css\"><\/style><form  class=\"jet-form-builder layout-column submit-type-reload\" action=\"https:\/\/eosc-days.events.pionier.net.pl\/en\/wp-json\/wp\/v2\/pages\/2262\/?nu0M2k=RrukDImsmZ&#038;method=reload\" method=\"POST\" data-form-id=\"1449\" data-layout=\"column\" enctype=\"multipart\/form-data\" data-clear=\"1\" novalidate=\"null\" ssr_validation_method=\"rest\" data-trp-original-action=\"https:\/\/eosc-days.events.pionier.net.pl\/en\/wp-json\/wp\/v2\/pages\/2262\/?nu0M2k=RrukDImsmZ&amp;method=reload\">\r\n<input type=\"hidden\" name=\"_jfb_current_render_states[]\" value=\"DEFAULT.STATE\" data-jfb-sync \/><input type=\"hidden\" class=\"jet-form-builder__field hidden-field\" name=\"_jet_engine_booking_form_id\" data-field-name=\"_jet_engine_booking_form_id\" value=\"1449\">\n<input type=\"hidden\" class=\"jet-form-builder__field hidden-field\" name=\"_jet_engine_refer\" data-field-name=\"_jet_engine_refer\" value=\"https:\/\/eosc-days.events.pionier.net.pl\/en\/wp-json\/wp\/v2\/pages\/2262\/\">\n<input type=\"hidden\" class=\"jet-form-builder__field hidden-field\" name=\"__queried_post_id\" data-field-name=\"__queried_post_id\" value=\"2262\">\n<div  class=\"jet-form-builder-row field-type-text-field\" >\n<div class=\"jet-form-builder__label\">\r\n<div class=\"jet-form-builder__label-text\">First name, surname <span class=\"jet-form-builder__required\">*<\/span><\/div><\/div><div class=\"jet-form-builder__field-wrap\">\n\t\t\t\t<input required=\"required\" name=\"name\" id=\"name\" type=\"text\" data-field-name=\"name\" class=\"jet-form-builder__field text-field\" data-jfb-sync=\"null\" autocomplete=\"off_eCf7cmXp\">\n\t\t\t\t\t<\/div>\n<\/div>\n\n<div  class=\"jet-form-builder-row field-type-text-field\" >\n<div class=\"jet-form-builder__label\">\r\n<div class=\"jet-form-builder__label-text\">E-mail <span class=\"jet-form-builder__required\">*<\/span><\/div><\/div><div class=\"jet-form-builder__field-wrap\">\n\t\t\t\t<input required=\"required\" name=\"mail\" id=\"mail\" type=\"text\" data-field-name=\"mail\" class=\"jet-form-builder__field text-field\" data-jfb-sync=\"null\" autocomplete=\"off_dZAzk0CU\">\n\t\t\t\t\t<\/div>\n<\/div>\n\n<div  class=\"jet-form-builder-row field-type-text-field\" >\n<div class=\"jet-form-builder__label\">\r\n<div class=\"jet-form-builder__label-text\">Affiliation<\/div><\/div><div class=\"jet-form-builder__field-wrap\">\n\t\t\t\t<input name=\"affiliation\" id=\"affiliation\" type=\"text\" data-field-name=\"affiliation\" class=\"jet-form-builder__field text-field\" data-jfb-sync=\"null\" autocomplete=\"off_x4Xzqags\">\n\t\t\t\t\t<\/div>\n<\/div>\n\n<div  class=\"jet-form-builder-row field-type-text-field\" >\n<div class=\"jet-form-builder__label\">\r\n<div class=\"jet-form-builder__label-text\">Position<\/div><\/div><div class=\"jet-form-builder__field-wrap\">\n\t\t\t\t<input name=\"position\" id=\"position\" type=\"text\" data-field-name=\"position\" class=\"jet-form-builder__field text-field\" data-jfb-sync=\"null\" autocomplete=\"off_K1jMhnUp\">\n\t\t\t\t\t<\/div>\n<\/div>\n\n<div  class=\"jet-form-builder-row field-type-text-field\" >\n<div class=\"jet-form-builder__label\">\r\n<div class=\"jet-form-builder__label-text\">City <span class=\"jet-form-builder__required\">*<\/span><\/div><\/div><div class=\"jet-form-builder__field-wrap\">\n\t\t\t\t<input required=\"required\" name=\"city\" id=\"city\" type=\"text\" data-field-name=\"city\" class=\"jet-form-builder__field text-field\" data-jfb-sync=\"null\" autocomplete=\"off_bj0Au6mh\">\n\t\t\t\t\t<\/div>\n<\/div>\n\n<div  class=\"jet-form-builder-row field-type-text-field\" >\n<div class=\"jet-form-builder__label\">\r\n<div class=\"jet-form-builder__label-text\">Country <span class=\"jet-form-builder__required\">*<\/span><\/div><\/div><div class=\"jet-form-builder__field-wrap\">\n\t\t\t\t<input required=\"required\" name=\"Country\" id=\"Country\" type=\"text\" data-field-name=\"Country\" class=\"jet-form-builder__field text-field\" data-jfb-sync=\"null\" autocomplete=\"off_hOog7dfH\">\n\t\t\t\t\t<\/div>\n<\/div>\n\n<div  class=\"jet-form-builder-row field-type-text-field\" >\n<div class=\"jet-form-builder__label\">\r\n<div class=\"jet-form-builder__label-text\">Telephone (optional)<\/div><\/div><div class=\"jet-form-builder__field-wrap\">\n\t\t\t\t<input name=\"telephone\" id=\"telephone\" type=\"text\" data-field-name=\"telephone\" class=\"jet-form-builder__field text-field\" data-jfb-sync=\"null\" autocomplete=\"off_Akpcrs7I\">\n\t\t\t\t\t<\/div>\n<\/div>\n\n<div  class=\"jet-form-builder-row field-type-radio-field wp-block-jet-forms-radio-field\">\n<div class=\"jet-form-builder__label\">\r\n<div class=\"jet-form-builder__label-text\">Please indicate your preferred diet <span class=\"jet-form-builder__required\">*<\/span><\/div><\/div><div class=\"jet-form-builder__fields-group checkradio-wrap\" data-jfb-sync><div class=\"jet-form-builder__field-wrap radio-wrap checkradio-wrap\"><label class=\"jet-form-builder__field-label for-radio\">\n<input type=\"radio\" name=\"diet\" value=\"Traditional\" data-field-name=\"diet\"  class=\"jet-form-builder__field radio-field checkradio-field\" required=\"required\"><span>Traditional<\/span><\/label><\/div><div class=\"jet-form-builder__field-wrap radio-wrap checkradio-wrap\"><label class=\"jet-form-builder__field-label for-radio\">\n<input type=\"radio\" name=\"diet\" value=\"Vegan\" data-field-name=\"diet\"  class=\"jet-form-builder__field radio-field checkradio-field\" required=\"required\"><span>Vegan<\/span><\/label><\/div><div class=\"jet-form-builder__field-wrap radio-wrap checkradio-wrap\"><label class=\"jet-form-builder__field-label for-radio\">\n<input type=\"radio\" name=\"diet\" value=\"Vegetarian\" data-field-name=\"diet\"  class=\"jet-form-builder__field radio-field checkradio-field\" required=\"required\"><span>Vegetarian<\/span><\/label><\/div><\/div>\n<\/div>\n\n<div  class=\"jet-form-builder-row field-type-radio-field wp-block-jet-forms-radio-field\">\n<div class=\"jet-form-builder__label\">\r\n<div class=\"jet-form-builder__label-text\">Are you planning to attend the dinner on 22nd June 2023 <span class=\"jet-form-builder__required\">*<\/span><\/div><\/div><div class=\"jet-form-builder__fields-group checkradio-wrap\" data-jfb-sync><div class=\"jet-form-builder__field-wrap radio-wrap checkradio-wrap\"><label class=\"jet-form-builder__field-label for-radio\">\n<input type=\"radio\" name=\"are_you_planning_to_attend_the_dinner_on_13_11_2023\" value=\"Tak\" data-field-name=\"are_you_planning_to_attend_the_dinner_on_13_11_2023\"  class=\"jet-form-builder__field radio-field checkradio-field\" required=\"required\"><span>Yes<\/span><\/label><\/div><div class=\"jet-form-builder__field-wrap radio-wrap checkradio-wrap\"><label class=\"jet-form-builder__field-label for-radio\">\n<input type=\"radio\" name=\"are_you_planning_to_attend_the_dinner_on_13_11_2023\" value=\"Nie\" data-field-name=\"are_you_planning_to_attend_the_dinner_on_13_11_2023\"  class=\"jet-form-builder__field radio-field checkradio-field\" required=\"required\"><span>No<\/span><\/label><\/div><\/div>\n<\/div>\n\n<div  class=\"jet-form-builder-row field-type-heading-field\" >\n<div class=\"jet-form-builder__heading\">\r\n<div class=\"jet-form-builder__label-text\">Prefered participation<\/div><\/div>\n<\/div>\n\n<div  class=\"jet-form-builder-row field-type-checkbox-field\" >\n<div class=\"jet-form-builder__label\">\r\n<div class=\"jet-form-builder__label-text\">Part I Plenary presentations<\/div><\/div><div class=\"jet-form-builder__fields-group checkradio-wrap\" data-jfb-sync><div class=\"jet-form-builder__field-wrap checkboxes-wrap checkradio-wrap\"><label class=\"jet-form-builder__field-label for-checkbox\">\n\t\t\t<input type=\"checkbox\" name=\"part1[]\" value=\"On site\" data-field-name=\"part1\"  class=\"jet-form-builder__field checkboxes-field checkradio-field\"><span>On site (90 places)<\/span><\/label><\/div><div class=\"jet-form-builder__field-wrap checkboxes-wrap checkradio-wrap\"><label class=\"jet-form-builder__field-label for-checkbox\">\n\t\t\t<input type=\"checkbox\" name=\"part1[]\" value=\"Remotely\" data-field-name=\"part1\"  class=\"jet-form-builder__field checkboxes-field checkradio-field\"><span>Remotely (unlimited)<\/span><\/label><\/div><\/div>\n<\/div>\n\n<div  class=\"jet-form-builder-row field-type-checkbox-field\" >\n<div class=\"jet-form-builder__label\">\r\n<div class=\"jet-form-builder__label-text\">Part IIB Workshops<\/div><\/div><div class=\"jet-form-builder__fields-group checkradio-wrap\" data-jfb-sync><div class=\"jet-form-builder__field-wrap checkboxes-wrap checkradio-wrap\"><label class=\"jet-form-builder__field-label for-checkbox\">\n\t\t\t<input type=\"checkbox\" name=\"part2b\" value=\"On site\" data-field-name=\"part2b\"  class=\"jet-form-builder__field checkboxes-field checkradio-field\"><span>On site (80 places, requires laptop)\t<\/span><\/label><\/div><\/div>\n<\/div>\n\n<div  class=\"jet-form-builder-row field-type-checkbox-field\" >\n<div class=\"jet-form-builder__label\">\r\n<div class=\"jet-form-builder__label-text\">Part IIA - Meetings of EOSC Communities<\/div><\/div><div class=\"jet-form-builder__fields-group checkradio-wrap\" data-jfb-sync><div class=\"jet-form-builder__field-wrap checkboxes-wrap checkradio-wrap\"><label class=\"jet-form-builder__field-label for-checkbox\">\n\t\t\t<input type=\"checkbox\" name=\"part2a[]\" value=\"On site\" data-field-name=\"part2a\"  class=\"jet-form-builder__field checkboxes-field checkradio-field\"><span>On site (25 places)\t<\/span><\/label><\/div><div class=\"jet-form-builder__field-wrap checkboxes-wrap checkradio-wrap\"><label class=\"jet-form-builder__field-label for-checkbox\">\n\t\t\t<input type=\"checkbox\" name=\"part2a[]\" value=\"Remotely\" data-field-name=\"part2a\"  class=\"jet-form-builder__field checkboxes-field checkradio-field\"><span>Remotely<\/span><\/label><\/div><\/div><div class=\"jet-form-builder__desc\"><small>(closed meeting, invite only, only confirmed registrations, )<\/small><\/div>\n<\/div>\n\n<div  class=\"jet-form-builder-row field-type-checkbox-field\" >\n<div class=\"jet-form-builder__label\">\r\n<div class=\"jet-form-builder__label-text\">Participate in the meeting of the Polish network of Data stewards<\/div><\/div><div class=\"jet-form-builder__fields-group checkradio-wrap\" data-jfb-sync><div class=\"jet-form-builder__field-wrap checkboxes-wrap checkradio-wrap\"><label class=\"jet-form-builder__field-label for-checkbox\">\n\t\t\t<input type=\"checkbox\" name=\"part2a_east_hub\" value=\"On site\" data-field-name=\"part2a_east_hub\"  class=\"jet-form-builder__field checkboxes-field checkradio-field\"><span>On site<\/span><\/label><\/div><\/div><div class=\"jet-form-builder__desc\"><small>(closed meeting, invite only, only confirmed registrations, )<\/small><\/div>\n<\/div>\n\n<div  class=\"jet-form-builder-row field-type-checkbox-field\" >\n<div class=\"jet-form-builder__label\">\r\n<div class=\"jet-form-builder__label-text\">Zgoda 1 <span class=\"jet-form-builder__required\">*<\/span><\/div><\/div><div class=\"jet-form-builder__fields-group checkradio-wrap\" data-jfb-sync><div class=\"jet-form-builder__field-wrap checkboxes-wrap checkradio-wrap\"><label class=\"jet-form-builder__field-label for-checkbox\">\n\t\t\t<input type=\"checkbox\" name=\"rodo_declaration\" value=\"Przetwarzanie\" data-field-name=\"rodo_declaration\"  class=\"jet-form-builder__field checkboxes-field checkradio-field\" required=\"required\"><span>O\u015bwiadczam, i\u017c wyra\u017cam zgod\u0119 na przetwarzanie przez Instytut Chemii Bioorganicznej Polskiej Akademii Nauk w Poznaniu Pozna\u0144skie Centrum Superkomputerowo-Sieciowe z siedzib\u0105 w Poznaniu przy  ul. Noskowskiego 12\/14 dobrowolnie udost\u0119pnionych moich danych osobowych, do cel\u00f3w uczestnictwa w konferencji EOSC Days Poland przeprowadzonym w dniu 22 czerwca 2023 r., organizowanym przez Instytut Chemii Bioorganicznej Polskiej Akademii Nauk Pozna\u0144skie Centrum Superkomputerowo-Sieciowe z siedzib\u0105 w Poznaniu.<\/span><\/label><\/div><\/div>\n<\/div>\n\n<div  class=\"jet-form-builder-row field-type-checkbox-field\" >\n<div class=\"jet-form-builder__label\">\r\n<div class=\"jet-form-builder__label-text\">Zgoda 2 <span class=\"jet-form-builder__required\">*<\/span><\/div><\/div><div class=\"jet-form-builder__fields-group checkradio-wrap\" data-jfb-sync><div class=\"jet-form-builder__field-wrap checkboxes-wrap checkradio-wrap\"><label class=\"jet-form-builder__field-label for-checkbox\">\n\t\t\t<input type=\"checkbox\" name=\"rodo_declaration_copy\" value=\"Wizerunek\" data-field-name=\"rodo_declaration_copy\"  class=\"jet-form-builder__field checkboxes-field checkradio-field\" required=\"required\"><span>O\u015bwiadczam, i\u017c wyra\u017cam zgod\u0119 na publiczne, nieodp\u0142atne wykorzystanie przez Instytut Chemii Bioorganicznej Polskiej Akademii Nauk w Poznaniu Pozna\u0144skie Centrum Superkomputerowo-Sieciowe z siedzib\u0105 w Poznaniu przy ul. Noskowskiego 12\/14 mojego wizerunku oraz  w dokumentacji fotograficznej powsta\u0142ej podczas  konferencji EOSC Days Poland dla cel\u00f3w promocyjnych w\/w wydarzenia. Zgoda, o kt\u00f3rej mowa w zdaniu poprzednim obejmuje prawo do publicznego  i nieodp\u0142atnego wykorzystania wizerunku i dokumentacji fotograficznej w  szczeg\u00f3lno\u015bci: plakatach, materia\u0142ach promocyjnych, portalach spo\u0142eczno\u015bciowych, a tak\u017ce na stronie internetowej. Wyra\u017cenie zgody jest dobrowolne. (Ustawa z dnia 4 lutego 1994 r. o prawie autorskim i prawach pokrewnych).<\/span><\/label><\/div><\/div>\n<\/div>\n\n<div  class=\"jet-form-builder-row field-type-checkbox-field\" >\n<div class=\"jet-form-builder__label\">\r\n<div class=\"jet-form-builder__label-text\">Zgoda 3 <span class=\"jet-form-builder__required\">*<\/span><\/div><\/div><div class=\"jet-form-builder__fields-group checkradio-wrap\" data-jfb-sync><div class=\"jet-form-builder__field-wrap checkboxes-wrap checkradio-wrap\"><label class=\"jet-form-builder__field-label for-checkbox\">\n\t\t\t<input type=\"checkbox\" name=\"rodo_declaration_copy_copy\" value=\"Klauzula\" data-field-name=\"rodo_declaration_copy_copy\"  class=\"jet-form-builder__field checkboxes-field checkradio-field\" required=\"required\"><span>O\u015bwiadczam, \u017ce zapozna\u0142am\/-em si\u0119 z poni\u017csz\u0105 klauzul\u0105 informacyjn\u0105 <a href=\"https:\/\/eosc-days.events.pionier.net.pl\/en\/?page_id=1880\">Klauzula informacyjna<\/a><\/span><\/label><\/div><\/div>\n<\/div>\n\n<div  class=\"jet-form-builder-row field-type-submit-field\" >\n\t<div data-type=\"submit\" class=\"jet-form-builder__action-button-wrapper jet-form-builder__submit-wrap\">\n\t<button class=\"jet-form-builder__action-button jet-form-builder__submit submit-type-reload\" type=\"submit\">Send<\/button>\n\t<\/div>\n\t\n<\/div>\t<div class=\"jet-form-builder-messages-wrap\" data-form-id=\"1449\"><\/div>\n<input type=\"hidden\" name=\"trp-form-language\" value=\"en\"\/><\/form>\n\t\t\t\t<\/div>\n\t\t\t\t<\/div>\n\t\t\t\t\t<\/div>\n\t\t\t\t<\/div>\n\t\t\t\t<\/div>","protected":false},"excerpt":{"rendered":"<p>Imi\u0119, nazwisko * E-mail * Alifiacja Stanowisko Miasto * Kraj * Telefon (opcja) Wska\u017c, prosz\u0119 preferowan\u0105 diet\u0119: * Traditional Vegan Vegetarian Czy zamierzasz wzi\u0105\u0107 udzia\u0142 w kolacji 22.06.2023? * Tak Nie Preferowany udzia\u0142 Cz\u0119\u015b\u0107 I &#8211; Plenarne wyk\u0142ady Na miejscu (90 miejsc) Zdalnie (brak ogranicze\u0144) Cz\u0119\u015b\u0107 II B &#8211; Szkolenia otwartej nauki Na miejscu (80 [&hellip;]<\/p>\n","protected":false},"author":1,"featured_media":0,"parent":0,"menu_order":0,"comment_status":"closed","ping_status":"closed","template":"","meta":{"_jf_limit_responses":"","footnotes":""},"class_list":["post-2262","page","type-page","status-publish","hentry"],"_links":{"self":[{"href":"https:\/\/eosc-days.events.pionier.net.pl\/en\/wp-json\/wp\/v2\/pages\/2262","targetHints":{"allow":["GET"]}}],"collection":[{"href":"https:\/\/eosc-days.events.pionier.net.pl\/en\/wp-json\/wp\/v2\/pages"}],"about":[{"href":"https:\/\/eosc-days.events.pionier.net.pl\/en\/wp-json\/wp\/v2\/types\/page"}],"author":[{"embeddable":true,"href":"https:\/\/eosc-days.events.pionier.net.pl\/en\/wp-json\/wp\/v2\/users\/1"}],"replies":[{"embeddable":true,"href":"https:\/\/eosc-days.events.pionier.net.pl\/en\/wp-json\/wp\/v2\/comments?post=2262"}],"version-history":[{"count":4,"href":"https:\/\/eosc-days.events.pionier.net.pl\/en\/wp-json\/wp\/v2\/pages\/2262\/revisions"}],"predecessor-version":[{"id":2266,"href":"https:\/\/eosc-days.events.pionier.net.pl\/en\/wp-json\/wp\/v2\/pages\/2262\/revisions\/2266"}],"wp:attachment":[{"href":"https:\/\/eosc-days.events.pionier.net.pl\/en\/wp-json\/wp\/v2\/media?parent=2262"}],"curies":[{"name":"wp","href":"https:\/\/api.w.org\/{rel}","templated":true}]}}