{"id":605,"date":"2023-05-30T21:41:03","date_gmt":"2023-05-30T19:41:03","guid":{"rendered":"https:\/\/life2023.ichb.pl\/?page_id=605"},"modified":"2023-06-15T18:49:34","modified_gmt":"2023-06-15T16:49:34","slug":"about","status":"publish","type":"page","link":"https:\/\/eosc-days.events.pionier.net.pl\/en\/home\/about\/","title":{"rendered":"About"},"content":{"rendered":"<div data-elementor-type=\"wp-page\" data-elementor-id=\"605\" class=\"elementor elementor-605\" data-elementor-post-type=\"page\">\n\t\t\t\t<div class=\"elementor-element elementor-element-9821545 e-con-full e-flex e-con e-parent\" data-id=\"9821545\" data-element_type=\"container\" data-e-type=\"container\" data-settings=\"{&quot;background_background&quot;:&quot;classic&quot;,&quot;jet_parallax_layout_list&quot;:[]}\">\n\t\t<div class=\"elementor-element elementor-element-2ae59b2 e-flex e-con-boxed e-con e-child\" data-id=\"2ae59b2\" data-element_type=\"container\" data-e-type=\"container\" data-settings=\"{&quot;jet_parallax_layout_list&quot;:[],&quot;background_background&quot;:&quot;classic&quot;}\">\n\t\t\t\t\t<div class=\"e-con-inner\">\n\t\t\t\t<div class=\"elementor-element elementor-element-608585a elementor-widget__width-initial elementor-widget-tablet__width-initial elementor-widget elementor-widget-heading\" data-id=\"608585a\" data-element_type=\"widget\" data-e-type=\"widget\" data-widget_type=\"heading.default\">\n\t\t\t\t<div class=\"elementor-widget-container\">\n\t\t\t\t\t<p class=\"elementor-heading-title elementor-size-default\">Contemporary <span class=\"orange\">research processes <\/span>must adapt to leverage and manage the increasingly growing number of <span class=\"orange\">research outputs<\/span>available, including data, methods, and other results.<\/p>\t\t\t\t<\/div>\n\t\t\t\t<\/div>\n\t\t<div class=\"elementor-element elementor-element-ad9306e e-con-full e-flex e-con e-child\" data-id=\"ad9306e\" data-element_type=\"container\" data-e-type=\"container\" data-settings=\"{&quot;jet_parallax_layout_list&quot;:[]}\">\n\t\t\t\t<div class=\"elementor-element elementor-element-af6554b elementor-widget__width-initial elementor-widget elementor-widget-heading\" data-id=\"af6554b\" data-element_type=\"widget\" data-e-type=\"widget\" data-widget_type=\"heading.default\">\n\t\t\t\t<div class=\"elementor-widget-container\">\n\t\t\t\t\t<p class=\"elementor-heading-title elementor-size-default\">Additionally, as research production is getting faster, and in some cases even time-sensitive (e.g., COVID), all the supporting structures have to be fine-tuned to minimize the time required from the idea to the results generation, and to the results dissemination.\nThe path must be shortened between the innovations and their implementation in the production environments.  One of the key enablers is the findability, accessibility, and reusability of the research outputs as well as integration of research processes with the R&amp;E infrastructures. EOSC is addressing the findability of scientific products across the different domains and repositories<\/p>\t\t\t\t<\/div>\n\t\t\t\t<\/div>\n\t\t\t\t<div class=\"elementor-element elementor-element-5158cff elementor-widget__width-initial elementor-widget elementor-widget-heading\" data-id=\"5158cff\" data-element_type=\"widget\" data-e-type=\"widget\" data-widget_type=\"heading.default\">\n\t\t\t\t<div class=\"elementor-widget-container\">\n\t\t\t\t\t<p class=\"elementor-heading-title elementor-size-default\">coupling it with the available resources from infrastructures through services. \n\nIn Poland, the national research and education network PIONIER acts as EOSC core, accumulating tools and services to facilitate shortening of the time to research for Polish scientists. ICT infrastructures, such as network and resources for data storage and processing are complemented with the services for implementation of accessibility policies, and standardized description of the research products itself. On top of these core services, PIONIER provides access to several EOSC exchange services tailored to Polish needs providing advanced research enabling capabilities, and supporting the adoption of FAIR and Open Science practices.\n<\/p>\t\t\t\t<\/div>\n\t\t\t\t<\/div>\n\t\t\t\t<\/div>\n\t\t\t\t\t<\/div>\n\t\t\t\t<\/div>\n\t\t<div class=\"elementor-element elementor-element-c45e87d e-flex e-con-boxed e-con e-child\" data-id=\"c45e87d\" data-element_type=\"container\" data-e-type=\"container\" data-settings=\"{&quot;jet_parallax_layout_list&quot;:[]}\">\n\t\t\t\t\t<div class=\"e-con-inner\">\n\t\t<div class=\"elementor-element elementor-element-818cabd e-con-full e-flex e-con e-child\" data-id=\"818cabd\" data-element_type=\"container\" data-e-type=\"container\" data-settings=\"{&quot;jet_parallax_layout_list&quot;:[],&quot;background_background&quot;:&quot;classic&quot;}\">\n\t\t\t\t<\/div>\n\t\t\t\t\t<\/div>\n\t\t\t\t<\/div>\n\t\t<div class=\"elementor-element elementor-element-891e932 e-flex e-con-boxed e-con e-child\" data-id=\"891e932\" data-element_type=\"container\" data-e-type=\"container\" data-settings=\"{&quot;jet_parallax_layout_list&quot;:[]}\">\n\t\t\t\t\t<div class=\"e-con-inner\">\n\t\t\t\t<div class=\"elementor-element elementor-element-6565e0e elementor-widget elementor-widget-heading\" data-id=\"6565e0e\" data-element_type=\"widget\" data-e-type=\"widget\" data-widget_type=\"heading.default\">\n\t\t\t\t<div class=\"elementor-widget-container\">\n\t\t\t\t\t<p class=\"elementor-heading-title elementor-size-default\"><span class=\"orange\">EOSC Day Poland<\/span> is an event aimed at the scientists, researchers, and representatives of R&amp;E sector.<\/p>\t\t\t\t<\/div>\n\t\t\t\t<\/div>\n\t\t\t\t\t<\/div>\n\t\t\t\t<\/div>\n\t\t<div class=\"elementor-element elementor-element-e0ac0f4 e-flex e-con-boxed e-con e-child\" data-id=\"e0ac0f4\" data-element_type=\"container\" data-e-type=\"container\" data-settings=\"{&quot;jet_parallax_layout_list&quot;:[]}\">\n\t\t\t\t\t<div class=\"e-con-inner\">\n\t\t<div class=\"elementor-element elementor-element-330ad7e e-con-full e-flex e-con e-child\" data-id=\"330ad7e\" data-element_type=\"container\" data-e-type=\"container\" data-settings=\"{&quot;jet_parallax_layout_list&quot;:[],&quot;background_background&quot;:&quot;classic&quot;}\">\n\t\t\t\t<\/div>\n\t\t\t\t\t<\/div>\n\t\t\t\t<\/div>\n\t\t<div class=\"elementor-element elementor-element-f12358c e-flex e-con-boxed e-con e-child\" data-id=\"f12358c\" data-element_type=\"container\" data-e-type=\"container\" data-settings=\"{&quot;jet_parallax_layout_list&quot;:[]}\">\n\t\t\t\t\t<div class=\"e-con-inner\">\n\t\t\t\t<div class=\"elementor-element elementor-element-ed51777 elementor-widget__width-initial elementor-widget-mobile__width-initial elementor-widget elementor-widget-heading\" data-id=\"ed51777\" data-element_type=\"widget\" data-e-type=\"widget\" data-widget_type=\"heading.default\">\n\t\t\t\t<div class=\"elementor-widget-container\">\n\t\t\t\t\t<p class=\"elementor-heading-title elementor-size-default\">EOSC Days Poland is an event aimed at the scientists, researchers, and representatives of R&amp;E sector responsible for the management of products of the research process. The goal of the event is to introduce the best practices and an EOSC-based toolset for the management of research products.\n<\/p>\t\t\t\t<\/div>\n\t\t\t\t<\/div>\n\t\t\t\t<div class=\"elementor-element elementor-element-a614c92 elementor-widget__width-initial elementor-widget-mobile__width-initial elementor-widget elementor-widget-heading\" data-id=\"a614c92\" data-element_type=\"widget\" data-e-type=\"widget\" data-widget_type=\"heading.default\">\n\t\t\t\t<div class=\"elementor-widget-container\">\n\t\t\t\t\t<p class=\"elementor-heading-title elementor-size-default\">EOSC Days Poland offers a full day programme in the presence of the key actors in European Open Science Cloud: European Commission, EOSC Association, representatives of the neighbouring countries and national policy makers, funding agencies, and R&amp;E institutions.<\/p>\t\t\t\t<\/div>\n\t\t\t\t<\/div>\n\t\t\t\t\t<\/div>\n\t\t\t\t<\/div>\n\t\t\t\t<\/div>\n\t\t\t\t<\/div>","protected":false},"excerpt":{"rendered":"<p>Wsp\u00f3\u0142czesne procesy badawcze musz\u0105 dostosowa\u0107 si\u0119 do wykorzystania i zarz\u0105dzania coraz wi\u0119ksz\u0105 liczb\u0105 dost\u0119pnych wynik\u00f3w bada\u0144, w tym danych, metod i innych wynik\u00f3w. Co wi\u0119cej, poniewa\u017c prace badawcze staj\u0105 si\u0119 coraz szybsze, a w niekt\u00f3rych przypadkach nawet wra\u017cliwe na czas (np. COVID), wszystkie wspieraj\u0105ce struktury musz\u0105 zosta\u0107 dopracowane, aby zminimalizowa\u0107 czas potrzebny od pomys\u0142u do [&hellip;]<\/p>\n","protected":false},"author":4,"featured_media":0,"parent":28,"menu_order":0,"comment_status":"closed","ping_status":"closed","template":"","meta":{"_jf_limit_responses":"","footnotes":""},"class_list":["post-605","page","type-page","status-publish","hentry"],"_links":{"self":[{"href":"https:\/\/eosc-days.events.pionier.net.pl\/en\/wp-json\/wp\/v2\/pages\/605","targetHints":{"allow":["GET"]}}],"collection":[{"href":"https:\/\/eosc-days.events.pionier.net.pl\/en\/wp-json\/wp\/v2\/pages"}],"about":[{"href":"https:\/\/eosc-days.events.pionier.net.pl\/en\/wp-json\/wp\/v2\/types\/page"}],"author":[{"embeddable":true,"href":"https:\/\/eosc-days.events.pionier.net.pl\/en\/wp-json\/wp\/v2\/users\/4"}],"replies":[{"embeddable":true,"href":"https:\/\/eosc-days.events.pionier.net.pl\/en\/wp-json\/wp\/v2\/comments?post=605"}],"version-history":[{"count":0,"href":"https:\/\/eosc-days.events.pionier.net.pl\/en\/wp-json\/wp\/v2\/pages\/605\/revisions"}],"up":[{"embeddable":true,"href":"https:\/\/eosc-days.events.pionier.net.pl\/en\/wp-json\/wp\/v2\/pages\/28"}],"wp:attachment":[{"href":"https:\/\/eosc-days.events.pionier.net.pl\/en\/wp-json\/wp\/v2\/media?parent=605"}],"curies":[{"name":"wp","href":"https:\/\/api.w.org\/{rel}","templated":true}]}}